{"id":6,"date":"2019-02-11T11:15:41","date_gmt":"2019-02-11T10:15:41","guid":{"rendered":"http:\/\/lacombeblanche.com\/wordpress\/?page_id=6"},"modified":"2021-04-13T20:20:01","modified_gmt":"2021-04-13T18:20:01","slug":"presentation","status":"publish","type":"page","link":"http:\/\/lacombeblanche.com\/wordpress\/presentation\/","title":{"rendered":"Pr\u00e9sentation"},"content":{"rendered":"<div id=\"comp-jj76xxra\" class=\"txtNew\" data-packed=\"false\" data-min-height=\"385\">\n<h2 class=\"font_8\"><img loading=\"lazy\" class=\" wp-image-7 alignright\" src=\"http:\/\/lacombeblanche.com\/wordpress\/wp-content\/uploads\/2019\/02\/HPIM4212-225x300.jpg\" alt=\"\" width=\"263\" height=\"350\" srcset=\"http:\/\/lacombeblanche.com\/wordpress\/wp-content\/uploads\/2019\/02\/HPIM4212-225x300.jpg 225w, http:\/\/lacombeblanche.com\/wordpress\/wp-content\/uploads\/2019\/02\/HPIM4212-scaled-150x200.jpg 150w, http:\/\/lacombeblanche.com\/wordpress\/wp-content\/uploads\/2019\/02\/HPIM4212-768x1026.jpg 768w, http:\/\/lacombeblanche.com\/wordpress\/wp-content\/uploads\/2019\/02\/HPIM4212-112x150.jpg 112w, http:\/\/lacombeblanche.com\/wordpress\/wp-content\/uploads\/2019\/02\/HPIM4212-scaled.jpg 1916w\" sizes=\"(max-width: 263px) 100vw, 263px\" \/>Le vigneron<\/h2>\n<p class=\"font_8\"><span class=\"color_16\"><span class=\"wixGuard\">\u200b<\/span><\/span><span class=\"color_16\">En 1981 Guy Vanlancker est alors un jeune instituteur belge. Fuyant les brumes des Ardennes, le destin l\u2019a conduit dans le magnifique vignoble de La Livini\u00e8re.<\/span><\/p>\n<p class=\"font_8\"><span class=\"color_16\">Il travaille alors ses terres tout en \u00e9tant ouvrier viticole dans un autre domaine. Par la suite il devient r\u00e9gisseur et vinificateur du Ch\u00e2teau Laville Bertrou (La Livini\u00e8re) puis du Domaine Cantaussel (Siran). En 2000 il d\u00e9cide de se consacrer uniquement \u00e0 la culture de ses vignes et \u00e0 l\u2019\u00e9laboration de ses vins.<\/span><\/p>\n<p class=\"font_8\"><span class=\"color_16\">En 2014 Guy se lance dans un nouveau projet avec la cr\u00e9ation d&rsquo;un second domaine qu&rsquo;il g\u00e8re en parrall\u00e8le, ce domaine Le Clos du Causse est un micro domaine de 1,5 ha situ\u00e9 sur la commune de F\u00e9line Minervois avec Syrah, Grenache et Mourv\u00e8dre, le tout pour l&rsquo;\u00e9laboration d&rsquo;une cuv\u00e9e unique en Cru La Livini\u00e8re.<\/span><\/p>\n<\/div>\n<p><!--more--><\/p>\n<p><img loading=\"lazy\" class=\"wp-image-418  alignleft\" src=\"http:\/\/lacombeblanche.com\/wordpress\/wp-content\/uploads\/2021\/03\/IMG_1188-rotated-e1618335807904.jpg\" alt=\"\" width=\"251\" height=\"350\" srcset=\"http:\/\/lacombeblanche.com\/wordpress\/wp-content\/uploads\/2021\/03\/IMG_1188-rotated-e1618335807904.jpg 688w, http:\/\/lacombeblanche.com\/wordpress\/wp-content\/uploads\/2021\/03\/IMG_1188-rotated-e1618335807904-150x209.jpg 150w, http:\/\/lacombeblanche.com\/wordpress\/wp-content\/uploads\/2021\/03\/IMG_1188-rotated-e1618335807904-300x419.jpg 300w, http:\/\/lacombeblanche.com\/wordpress\/wp-content\/uploads\/2021\/03\/IMG_1188-rotated-e1618335807904-108x150.jpg 108w, http:\/\/lacombeblanche.com\/wordpress\/wp-content\/uploads\/2021\/03\/IMG_1188-rotated-e1618335807904-215x300.jpg 215w\" sizes=\"(max-width: 251px) 100vw, 251px\" \/><\/p>\n<h2 class=\"font_8\">La rel\u00e8ve<\/h2>\n<p class=\"font_8\"><span class=\"color_16\"><span class=\"wixGuard\">\u200b<\/span><\/span><span class=\"color_16\">N\u00e9 le dernier jour des vendanges de 1983 Ambroise suit un cursus dans la menuiserie et la gestion de production. En 2014, apr\u00e8s quelques ann\u00e9es \u00e0 travailler dans l&rsquo;industrie en tant que charg\u00e9 d&rsquo;affaire, il d\u00e9cide de partir en voyage au Chili.<\/span><\/p>\n<p class=\"font_8\"><span class=\"color_16\">A son retour il s&rsquo;impliquera dans le Domaine avec l&rsquo;id\u00e9e grandissante de le reprendre \u00e0 la retraite de Guy, en 2016 il suivra une formation (BPREA) pour pr\u00e9tendre \u00e0 une installation Jeune Agriculteur.<\/span><\/p>\n<p><!--more--><\/p>\n<h2 class=\"font_8\"><img loading=\"lazy\" class=\" wp-image-31 alignright\" src=\"http:\/\/lacombeblanche.com\/wordpress\/wp-content\/uploads\/2019\/02\/Cinsaut-300x225.jpg\" alt=\"\" width=\"350\" height=\"262\" srcset=\"http:\/\/lacombeblanche.com\/wordpress\/wp-content\/uploads\/2019\/02\/Cinsaut-300x225.jpg 300w, http:\/\/lacombeblanche.com\/wordpress\/wp-content\/uploads\/2019\/02\/Cinsaut-150x113.jpg 150w, http:\/\/lacombeblanche.com\/wordpress\/wp-content\/uploads\/2019\/02\/Cinsaut-768x576.jpg 768w, http:\/\/lacombeblanche.com\/wordpress\/wp-content\/uploads\/2019\/02\/Cinsaut-1024x768.jpg 1024w\" sizes=\"(max-width: 350px) 100vw, 350px\" \/>Le Domaine Domaine Combe Blanche<\/h2>\n<p class=\"font_8\"><span class=\"wixGuard\">\u200b<\/span>Achet\u00e9 en 1981, les 17 hectares de la propri\u00e9t\u00e9 comportaient 6,5 hectares de vignes et 10,5 hectares de garrigue. Apr\u00e8s avoir arrach\u00e9 et replant\u00e9 une partie du domaine, la Combe blanche devint un domaine d\u2019avant-garde gr\u00e2ce \u00e0 l\u2019implantation entre 1983 et 1986 de Syrah, de Pinot Noir, de Tempranillo, de Viognier, mais aussi de Roussanne. Aujourd\u2019hui la superficie de production est de 12 ha dont 6 ha sont d\u00e9di\u00e9s\u00a0 au Cru La Livini\u00e8re, et 1ha d\u00e9di\u00e9s au Minervois.<\/p>\n<p><!--more--><\/p>\n<h2 class=\"font_8\"><img loading=\"lazy\" class=\"wp-image-198 alignleft\" src=\"http:\/\/lacombeblanche.com\/wordpress\/wp-content\/uploads\/2021\/03\/DSCN2462-scaled.jpg\" alt=\"\" width=\"263\" height=\"351\" srcset=\"http:\/\/lacombeblanche.com\/wordpress\/wp-content\/uploads\/2021\/03\/DSCN2462-scaled.jpg 1920w, http:\/\/lacombeblanche.com\/wordpress\/wp-content\/uploads\/2021\/03\/DSCN2462-scaled-150x200.jpg 150w, http:\/\/lacombeblanche.com\/wordpress\/wp-content\/uploads\/2021\/03\/DSCN2462-scaled-300x400.jpg 300w, http:\/\/lacombeblanche.com\/wordpress\/wp-content\/uploads\/2021\/03\/DSCN2462-225x300.jpg 225w, http:\/\/lacombeblanche.com\/wordpress\/wp-content\/uploads\/2021\/03\/DSCN2462-768x1024.jpg 768w, http:\/\/lacombeblanche.com\/wordpress\/wp-content\/uploads\/2021\/03\/DSCN2462-113x150.jpg 113w\" sizes=\"(max-width: 263px) 100vw, 263px\" \/>La cave<\/h2>\n<p class=\"font_8\"><span class=\"wixGuard\">\u200b<\/span>Il faut attendre 1988 pour\u00a0 voir le premier vin de la Combe Blanche (2 \u00e9toiles au Guide Hachette), alors vinifi\u00e9 au Ch\u00e2teau Laville Bertrou.<\/p>\n<p>A partir de 1997 Guy s&rsquo;installe dans une cave d\u00e9di\u00e9 aux vin de La Combe Blanche, petite cave repartie sur 4 niveaux, exigu\u00eb mais permettant de cr\u00e9er et d\u00e9velopper toute la gamme du Domaine<\/p>\n<p class=\"font_8\">2021 Ambroise s&rsquo;installe dans de nouveaux locaux en transformant l&rsquo;ancien garage m\u00e9canique du village en cave. Ces nouveaux locaux permettent aujourd&rsquo;hui de regrouper le stock, la cave et le caveau qui \u00e9taient jusque la \u00e9parpill\u00e9s au 4 coins du village.<\/p>\n<p><!--more--><\/p>\n<h2 class=\"font_8\"><img loading=\"lazy\" class=\" wp-image-33 alignright\" src=\"http:\/\/lacombeblanche.com\/wordpress\/wp-content\/uploads\/2019\/02\/HPIM3856-300x225.jpg\" alt=\"\" width=\"351\" height=\"263\" srcset=\"http:\/\/lacombeblanche.com\/wordpress\/wp-content\/uploads\/2019\/02\/HPIM3856-300x225.jpg 300w, http:\/\/lacombeblanche.com\/wordpress\/wp-content\/uploads\/2019\/02\/HPIM3856-150x112.jpg 150w, http:\/\/lacombeblanche.com\/wordpress\/wp-content\/uploads\/2019\/02\/HPIM3856-768x575.jpg 768w, http:\/\/lacombeblanche.com\/wordpress\/wp-content\/uploads\/2019\/02\/HPIM3856-1024x766.jpg 1024w\" sizes=\"(max-width: 351px) 100vw, 351px\" \/>Le Terroir de Calamiac<\/h2>\n<p class=\"font_8\"><span class=\"wixGuard\">\u200b<\/span>Le terroir est majoritairement compos\u00e9 de terre argilo-calcaire \u00e0 forte pierrosit\u00e9. Une partie plus petite est de type argilo-marneux.<\/p>\n<p class=\"font_8\">Le climat est \u00e0 dominante m\u00e9diterran\u00e9enne tr\u00e8s chaud l\u2019\u00e9t\u00e9 avec une faible pluviom\u00e9trie. Le Cers, vent dominant venant du nord, contribue au bon \u00e9tat sanitaire du vignoble. Toutes ces conditions climatiques concourent \u00e0 l\u2019\u00e9laboration de vins de qualit\u00e9s en limitant les traitements phytosanitaires.<\/p>\n<p><!--more--><\/p>\n<h2 class=\"font_8\"><img loading=\"lazy\" class=\" wp-image-35 alignleft\" src=\"http:\/\/lacombeblanche.com\/wordpress\/wp-content\/uploads\/2019\/02\/HPIM3867-300x225.jpg\" alt=\"\" width=\"351\" height=\"263\" srcset=\"http:\/\/lacombeblanche.com\/wordpress\/wp-content\/uploads\/2019\/02\/HPIM3867-300x225.jpg 300w, http:\/\/lacombeblanche.com\/wordpress\/wp-content\/uploads\/2019\/02\/HPIM3867-150x112.jpg 150w, http:\/\/lacombeblanche.com\/wordpress\/wp-content\/uploads\/2019\/02\/HPIM3867-768x575.jpg 768w, http:\/\/lacombeblanche.com\/wordpress\/wp-content\/uploads\/2019\/02\/HPIM3867-1024x766.jpg 1024w\" sizes=\"(max-width: 351px) 100vw, 351px\" \/>Le Vignoble Du Domaine Combe Blanche<\/h2>\n<p class=\"font_8\"><span class=\"wixGuard\">\u200b<\/span>Situ\u00e9 sur les coteaux du Haut Minervois, \u00e0 3 km au nord du village de La Livini\u00e8re (entre B\u00e9ziers 50 km et Carcassonne 35 km), le vignoble s\u2019\u00e9tend entre 200 et 330 m\u00e8tres d\u2019altitude. Une part importante du vignoble a \u00e9t\u00e9 plant\u00e9e entre 1982 et 1986 apr\u00e8s am\u00e9nagement de la garrigue et r\u00e9-enc\u00e9pagement. Le vignoble ferm\u00e9 au nord par le Petit Causse surplombe au sud le vignoble du Cru La Livini\u00e8re, premi\u00e8re appellation village du Languedoc.<\/p>\n<p><!--more--><\/p>\n<h2 class=\"font_8\"><img loading=\"lazy\" class=\" wp-image-38 alignright\" src=\"http:\/\/lacombeblanche.com\/wordpress\/wp-content\/uploads\/2019\/02\/IMG_3565-300x225.jpg\" alt=\"\" width=\"351\" height=\"263\" srcset=\"http:\/\/lacombeblanche.com\/wordpress\/wp-content\/uploads\/2019\/02\/IMG_3565-300x225.jpg 300w, http:\/\/lacombeblanche.com\/wordpress\/wp-content\/uploads\/2019\/02\/IMG_3565-150x113.jpg 150w, http:\/\/lacombeblanche.com\/wordpress\/wp-content\/uploads\/2019\/02\/IMG_3565-768x576.jpg 768w, http:\/\/lacombeblanche.com\/wordpress\/wp-content\/uploads\/2019\/02\/IMG_3565-1024x768.jpg 1024w\" sizes=\"(max-width: 351px) 100vw, 351px\" \/>Culture de vigne<\/h2>\n<p class=\"font_8\"><span class=\"color_16\"><span class=\"wixGuard\">\u200b<\/span><\/span><span class=\"color_16\">Guy travail les vignes de mani\u00e8re conventionnel tout en limitant au maximum les intrants chimiques.<\/span><\/p>\n<p class=\"font_8\"><span class=\"color_16\">Au d\u00e9but les vignes sont plant\u00e9es \u00e0 2m avec des espaliers bas ce qui ai fait par convention, dans la nouvelle phase de restructuration qui \u00e0 lieu en 2000 le choix de plantation en 2.5m par 0.9m est choisi pour facilit\u00e9 le travail en coteaux mais aussi dans un souci de qualit\u00e9.<\/span><\/p>\n<p class=\"font_8\"><span class=\"color_16\">La mise en place d&rsquo;espaliers en 2m hors sol avec 3 fils releveurs est \u00e9galement nouveau pour le domaine et la r\u00e9gion, ce qui a pour effet de permettre \u00e0 la vigne d&rsquo;avoir un espace foliaire consid\u00e9rable et de ce fait d&rsquo;obtenir des maturit\u00e9s exceptionnelles. Cet espace foliaire important nous permet d\u2019effeuiller la vigne au niveau des raisins sans impacter la maturation tout en augmentant l&rsquo;\u00e9tat sanitaire de la r\u00e9colte.<\/span><!--more--><\/p>\n<h2 class=\"font_8\"><img loading=\"lazy\" class=\"wp-image-606 alignleft\" src=\"http:\/\/lacombeblanche.com\/wordpress\/wp-content\/uploads\/2021\/04\/IMG_1579-scaled.jpg\" alt=\"\" width=\"351\" height=\"263\" srcset=\"http:\/\/lacombeblanche.com\/wordpress\/wp-content\/uploads\/2021\/04\/IMG_1579-scaled.jpg 2560w, http:\/\/lacombeblanche.com\/wordpress\/wp-content\/uploads\/2021\/04\/IMG_1579-150x113.jpg 150w, http:\/\/lacombeblanche.com\/wordpress\/wp-content\/uploads\/2021\/04\/IMG_1579-300x225.jpg 300w, http:\/\/lacombeblanche.com\/wordpress\/wp-content\/uploads\/2021\/04\/IMG_1579-768x576.jpg 768w, http:\/\/lacombeblanche.com\/wordpress\/wp-content\/uploads\/2021\/04\/IMG_1579-1536x1152.jpg 1536w, http:\/\/lacombeblanche.com\/wordpress\/wp-content\/uploads\/2021\/04\/IMG_1579-2048x1536.jpg 2048w\" sizes=\"(max-width: 351px) 100vw, 351px\" \/>La vinification<\/h2>\n<p class=\"font_8\"><span class=\"color_16\"><span class=\"wixGuard\">\u200b<\/span><\/span><span class=\"color_16\">Grace \u00e0 ce terroir exceptionnel et \u00e0 son climat privil\u00e9gi\u00e9, mais aussi gr\u00e2ce \u00e0 une culture attentionn\u00e9e des vignes et \u00e0 un suivi m\u00e9ticuleux de son \u0153nologue conseil, Guy peux exprimer toute sa passion dans la vinification de ses vins.<\/span><\/p>\n<p class=\"font_8\"><span class=\"color_16\">Les raisins sont ramass\u00e9s pour moiti\u00e9 \u00e0 la main, puis \u00e9grapp\u00e9s avant d&rsquo;\u00eatre vinifi\u00e9s dans des cuves de divers contenant (de 10hl \u00e0 140hl) et de divers mat\u00e9riaux, (polyester, acier \u00e9maill\u00e9, inox ou encore b\u00e9ton). <\/span><span class=\"color_16\">Une partie de ces cuves permettent une pratique aujourd&rsquo;hui de plus en plus d\u00e9laiss\u00e9e, le pigeage, p<\/span><span class=\"color_16\">ratique qui consiste \u00e0 m\u00e9langer en douceur le chapeau de raisins qui ce cr\u00e9 sur le jus en fermentation afin d&rsquo;en extraire les meilleurs ar\u00f4mes sans en extraire les mauvais tanins.<br \/><\/span><\/p>\n<p><!--more--><\/p>\n<h2 class=\"font_8\"><img loading=\"lazy\" class=\"wp-image-40  alignright\" src=\"http:\/\/lacombeblanche.com\/wordpress\/wp-content\/uploads\/2019\/02\/HPIM3983-e1549910929229-300x225.jpg\" alt=\"\" width=\"351\" height=\"263\" srcset=\"http:\/\/lacombeblanche.com\/wordpress\/wp-content\/uploads\/2019\/02\/HPIM3983-e1549910929229-300x225.jpg 300w, http:\/\/lacombeblanche.com\/wordpress\/wp-content\/uploads\/2019\/02\/HPIM3983-e1549910929229-150x112.jpg 150w, http:\/\/lacombeblanche.com\/wordpress\/wp-content\/uploads\/2019\/02\/HPIM3983-e1549910929229-768x575.jpg 768w, http:\/\/lacombeblanche.com\/wordpress\/wp-content\/uploads\/2019\/02\/HPIM3983-e1549910929229-1024x766.jpg 1024w\" sizes=\"(max-width: 351px) 100vw, 351px\" \/>Conversion \u00e0 l&rsquo;agriculture biologique<\/h2>\n<p class=\"font_8\"><span class=\"color_16\"><span class=\"wixGuard\">\u200b<\/span><\/span><span class=\"color_16\">En 2018 Guy et Ambroise d\u00e9cident enfin de passer le pas de l&rsquo;agriculture biologique et ce apr\u00e8s des ann\u00e9es d&rsquo;h\u00e9sitation, le retour d&rsquo;Ambroise sur le domaine ayant permit de d\u00e9gager un peu de temps pour mener cette transition \u00e0 bon terme.<\/span><\/p>\n<p class=\"font_8\"><span class=\"color_16\">Cette transition permet de travailler en harmonie les vignes et leurs environnement de fa\u00e7on \u00e0 luter contre les ravageurs de la vigne tout en r\u00e9duisant notre impact sur la faune et la flore environnante.<\/span><\/p>\n<p class=\"font_8\"><span class=\"color_16\"><span class=\"wixGuard\">\u200b<\/span><\/span><\/p>\n<h2 class=\"font_8\"><span class=\"color_16\"><span class=\"wixGuard\">\u200bNos Partenaires<br \/><\/span><\/span><\/h2>\n<p>Le Domaine Combe Blanche \u00e9volue dans un r\u00e9seau d&rsquo;entreprise, de syndicat, et de partenaire commerciaux\u00a0 partenaire, les syndicat<\/p>\n<p><a href=\"https:\/\/www.cru-la-liviniere.com\/\">Le Cru La Livini\u00e8re<\/a><\/p>\n<p><a href=\"http:\/\/www.leminervois.com\/\">AOC Minervois<\/a><\/p>\n<p><a href=\"https:\/\/www.ecocert.com\/fr-FR\">Label BIO Ecocert<\/a><\/p>\n<p><a href=\"https:\/\/www.vigneron-independant.com\/domaine-combe-blanche\">Les Vignerons Ind\u00e9pendants<img loading=\"lazy\" class=\"wp-image-584 alignright\" src=\"http:\/\/lacombeblanche.com\/wordpress\/wp-content\/uploads\/2021\/03\/VIGNERON-INDE.jpg\" alt=\"Vigneron Ind\u00e9pendant\" width=\"86\" height=\"123\" srcset=\"http:\/\/lacombeblanche.com\/wordpress\/wp-content\/uploads\/2021\/03\/VIGNERON-INDE.jpg 474w, http:\/\/lacombeblanche.com\/wordpress\/wp-content\/uploads\/2021\/03\/VIGNERON-INDE-105x150.jpg 105w, http:\/\/lacombeblanche.com\/wordpress\/wp-content\/uploads\/2021\/03\/VIGNERON-INDE-209x300.jpg 209w, http:\/\/lacombeblanche.com\/wordpress\/wp-content\/uploads\/2021\/03\/VIGNERON-INDE-150x215.jpg 150w, http:\/\/lacombeblanche.com\/wordpress\/wp-content\/uploads\/2021\/03\/VIGNERON-INDE-300x430.jpg 300w\" sizes=\"(max-width: 86px) 100vw, 86px\" \/><\/a><\/p>\n<p><a href=\"https:\/\/www.minervois-caroux.com\/fr\/savourer\/sejour-bien-etre-et-nature\/3404:domaine-la-combe-blanche.html\">Office de Tourisme<\/a><\/p>\n<p class=\"font_8\"><span class=\"color_16\"><span class=\"wixGuard\">\u200b<\/span><\/span><\/p>\n<p>\u00a0<\/p>\n\n\n<p><\/p>\n","protected":false},"excerpt":{"rendered":"<p>Le vigneron \u200bEn 1981 Guy Vanlancker est alors un jeune instituteur belge. Fuyant les brumes des Ardennes, le destin l\u2019a conduit dans le magnifique vignoble de La Livini\u00e8re. Il travaille alors ses terres tout en \u00e9tant ouvrier viticole dans un autre domaine. Par la suite il devient r\u00e9gisseur et vinificateur&#8230;<\/p>\n<p class=\"continue-reading-button\"> <a class=\"continue-reading-link\" href=\"http:\/\/lacombeblanche.com\/wordpress\/presentation\/\">Suite&#8230;<i class=\"crycon-right-dir\"><\/i><\/a><\/p>\n","protected":false},"author":1,"featured_media":0,"parent":0,"menu_order":0,"comment_status":"closed","ping_status":"closed","template":"","meta":[],"yoast_head":"<!-- This site is optimized with the Yoast SEO plugin v19.13 - https:\/\/yoast.com\/wordpress\/plugins\/seo\/ -->\n<title>Pr\u00e9sentation - La Combe Blanche<\/title>\n<meta name=\"description\" content=\"D\u00e9couvrez le Domaine Combe Blanche, son histoire, les vignerons, la vinification et la culture des vigne du Domaine\" \/>\n<meta name=\"robots\" content=\"index, follow, max-snippet:-1, max-image-preview:large, max-video-preview:-1\" \/>\n<link rel=\"canonical\" href=\"http:\/\/lacombeblanche.com\/wordpress\/presentation\/\" \/>\n<meta property=\"og:locale\" content=\"fr_FR\" \/>\n<meta property=\"og:type\" content=\"article\" \/>\n<meta property=\"og:title\" content=\"Pr\u00e9sentation - La Combe Blanche\" \/>\n<meta property=\"og:description\" content=\"D\u00e9couvrez le Domaine Combe Blanche, son histoire, les vignerons, la vinification et la culture des vigne du Domaine\" \/>\n<meta property=\"og:url\" content=\"http:\/\/lacombeblanche.com\/wordpress\/presentation\/\" \/>\n<meta property=\"og:site_name\" content=\"La Combe Blanche\" \/>\n<meta property=\"article:modified_time\" content=\"2021-04-13T18:20:01+00:00\" \/>\n<meta property=\"og:image\" content=\"http:\/\/lacombeblanche.com\/wordpress\/wp-content\/uploads\/2019\/02\/HPIM4212-225x300.jpg\" \/>\n<meta name=\"twitter:card\" content=\"summary_large_image\" \/>\n<meta name=\"twitter:label1\" content=\"Dur\u00e9e de lecture estim\u00e9e\" \/>\n\t<meta name=\"twitter:data1\" content=\"7 minutes\" \/>\n<script type=\"application\/ld+json\" class=\"yoast-schema-graph\">{\"@context\":\"https:\/\/schema.org\",\"@graph\":[{\"@type\":\"WebPage\",\"@id\":\"http:\/\/lacombeblanche.com\/wordpress\/presentation\/\",\"url\":\"http:\/\/lacombeblanche.com\/wordpress\/presentation\/\",\"name\":\"Pr\u00e9sentation - La Combe Blanche\",\"isPartOf\":{\"@id\":\"http:\/\/lacombeblanche.com\/wordpress\/#website\"},\"datePublished\":\"2019-02-11T10:15:41+00:00\",\"dateModified\":\"2021-04-13T18:20:01+00:00\",\"description\":\"D\u00e9couvrez le Domaine Combe Blanche, son histoire, les vignerons, la vinification et la culture des vigne du Domaine\",\"breadcrumb\":{\"@id\":\"http:\/\/lacombeblanche.com\/wordpress\/presentation\/#breadcrumb\"},\"inLanguage\":\"fr-FR\",\"potentialAction\":[{\"@type\":\"ReadAction\",\"target\":[\"http:\/\/lacombeblanche.com\/wordpress\/presentation\/\"]}]},{\"@type\":\"BreadcrumbList\",\"@id\":\"http:\/\/lacombeblanche.com\/wordpress\/presentation\/#breadcrumb\",\"itemListElement\":[{\"@type\":\"ListItem\",\"position\":1,\"name\":\"Accueil\",\"item\":\"http:\/\/lacombeblanche.com\/wordpress\/\"},{\"@type\":\"ListItem\",\"position\":2,\"name\":\"Pr\u00e9sentation\"}]},{\"@type\":\"WebSite\",\"@id\":\"http:\/\/lacombeblanche.com\/wordpress\/#website\",\"url\":\"http:\/\/lacombeblanche.com\/wordpress\/\",\"name\":\"La Combe Blanche\",\"description\":\"Grand vin de terroir\",\"publisher\":{\"@id\":\"http:\/\/lacombeblanche.com\/wordpress\/#organization\"},\"potentialAction\":[{\"@type\":\"SearchAction\",\"target\":{\"@type\":\"EntryPoint\",\"urlTemplate\":\"http:\/\/lacombeblanche.com\/wordpress\/?s={search_term_string}\"},\"query-input\":\"required name=search_term_string\"}],\"inLanguage\":\"fr-FR\"},{\"@type\":\"Organization\",\"@id\":\"http:\/\/lacombeblanche.com\/wordpress\/#organization\",\"name\":\"La Combe Blanche\",\"url\":\"http:\/\/lacombeblanche.com\/wordpress\/\",\"logo\":{\"@type\":\"ImageObject\",\"inLanguage\":\"fr-FR\",\"@id\":\"http:\/\/lacombeblanche.com\/wordpress\/#\/schema\/logo\/image\/\",\"url\":\"http:\/\/lacombeblanche.com\/wordpress\/wp-content\/uploads\/2021\/03\/IMG_1834.jpg\",\"contentUrl\":\"http:\/\/lacombeblanche.com\/wordpress\/wp-content\/uploads\/2021\/03\/IMG_1834.jpg\",\"width\":600,\"height\":400,\"caption\":\"La Combe Blanche\"},\"image\":{\"@id\":\"http:\/\/lacombeblanche.com\/wordpress\/#\/schema\/logo\/image\/\"}}]}<\/script>\n<!-- \/ Yoast SEO plugin. -->","yoast_head_json":{"title":"Pr\u00e9sentation - La Combe Blanche","description":"D\u00e9couvrez le Domaine Combe Blanche, son histoire, les vignerons, la vinification et la culture des vigne du Domaine","robots":{"index":"index","follow":"follow","max-snippet":"max-snippet:-1","max-image-preview":"max-image-preview:large","max-video-preview":"max-video-preview:-1"},"canonical":"http:\/\/lacombeblanche.com\/wordpress\/presentation\/","og_locale":"fr_FR","og_type":"article","og_title":"Pr\u00e9sentation - La Combe Blanche","og_description":"D\u00e9couvrez le Domaine Combe Blanche, son histoire, les vignerons, la vinification et la culture des vigne du Domaine","og_url":"http:\/\/lacombeblanche.com\/wordpress\/presentation\/","og_site_name":"La Combe Blanche","article_modified_time":"2021-04-13T18:20:01+00:00","og_image":[{"url":"http:\/\/lacombeblanche.com\/wordpress\/wp-content\/uploads\/2019\/02\/HPIM4212-225x300.jpg"}],"twitter_card":"summary_large_image","twitter_misc":{"Dur\u00e9e de lecture estim\u00e9e":"7 minutes"},"schema":{"@context":"https:\/\/schema.org","@graph":[{"@type":"WebPage","@id":"http:\/\/lacombeblanche.com\/wordpress\/presentation\/","url":"http:\/\/lacombeblanche.com\/wordpress\/presentation\/","name":"Pr\u00e9sentation - La Combe Blanche","isPartOf":{"@id":"http:\/\/lacombeblanche.com\/wordpress\/#website"},"datePublished":"2019-02-11T10:15:41+00:00","dateModified":"2021-04-13T18:20:01+00:00","description":"D\u00e9couvrez le Domaine Combe Blanche, son histoire, les vignerons, la vinification et la culture des vigne du Domaine","breadcrumb":{"@id":"http:\/\/lacombeblanche.com\/wordpress\/presentation\/#breadcrumb"},"inLanguage":"fr-FR","potentialAction":[{"@type":"ReadAction","target":["http:\/\/lacombeblanche.com\/wordpress\/presentation\/"]}]},{"@type":"BreadcrumbList","@id":"http:\/\/lacombeblanche.com\/wordpress\/presentation\/#breadcrumb","itemListElement":[{"@type":"ListItem","position":1,"name":"Accueil","item":"http:\/\/lacombeblanche.com\/wordpress\/"},{"@type":"ListItem","position":2,"name":"Pr\u00e9sentation"}]},{"@type":"WebSite","@id":"http:\/\/lacombeblanche.com\/wordpress\/#website","url":"http:\/\/lacombeblanche.com\/wordpress\/","name":"La Combe Blanche","description":"Grand vin de terroir","publisher":{"@id":"http:\/\/lacombeblanche.com\/wordpress\/#organization"},"potentialAction":[{"@type":"SearchAction","target":{"@type":"EntryPoint","urlTemplate":"http:\/\/lacombeblanche.com\/wordpress\/?s={search_term_string}"},"query-input":"required name=search_term_string"}],"inLanguage":"fr-FR"},{"@type":"Organization","@id":"http:\/\/lacombeblanche.com\/wordpress\/#organization","name":"La Combe Blanche","url":"http:\/\/lacombeblanche.com\/wordpress\/","logo":{"@type":"ImageObject","inLanguage":"fr-FR","@id":"http:\/\/lacombeblanche.com\/wordpress\/#\/schema\/logo\/image\/","url":"http:\/\/lacombeblanche.com\/wordpress\/wp-content\/uploads\/2021\/03\/IMG_1834.jpg","contentUrl":"http:\/\/lacombeblanche.com\/wordpress\/wp-content\/uploads\/2021\/03\/IMG_1834.jpg","width":600,"height":400,"caption":"La Combe Blanche"},"image":{"@id":"http:\/\/lacombeblanche.com\/wordpress\/#\/schema\/logo\/image\/"}}]}},"_links":{"self":[{"href":"http:\/\/lacombeblanche.com\/wordpress\/wp-json\/wp\/v2\/pages\/6"}],"collection":[{"href":"http:\/\/lacombeblanche.com\/wordpress\/wp-json\/wp\/v2\/pages"}],"about":[{"href":"http:\/\/lacombeblanche.com\/wordpress\/wp-json\/wp\/v2\/types\/page"}],"author":[{"embeddable":true,"href":"http:\/\/lacombeblanche.com\/wordpress\/wp-json\/wp\/v2\/users\/1"}],"replies":[{"embeddable":true,"href":"http:\/\/lacombeblanche.com\/wordpress\/wp-json\/wp\/v2\/comments?post=6"}],"version-history":[{"count":13,"href":"http:\/\/lacombeblanche.com\/wordpress\/wp-json\/wp\/v2\/pages\/6\/revisions"}],"predecessor-version":[{"id":607,"href":"http:\/\/lacombeblanche.com\/wordpress\/wp-json\/wp\/v2\/pages\/6\/revisions\/607"}],"wp:attachment":[{"href":"http:\/\/lacombeblanche.com\/wordpress\/wp-json\/wp\/v2\/media?parent=6"}],"curies":[{"name":"wp","href":"https:\/\/api.w.org\/{rel}","templated":true}]}}